{"id":1517,"date":"2024-01-22T13:00:46","date_gmt":"2024-01-22T13:00:46","guid":{"rendered":"https:\/\/massimodates.com\/?page_id=1517"},"modified":"2024-01-25T17:48:06","modified_gmt":"2024-01-25T17:48:06","slug":"terms-conditions-agreement","status":"publish","type":"page","link":"https:\/\/massimodates.com\/es\/terms-conditions-agreement\/","title":{"rendered":"Terms &#038; Conditions Agreement"},"content":{"rendered":"<div data-elementor-type=\"wp-page\" data-elementor-id=\"1517\" class=\"elementor elementor-1517\" data-elementor-post-type=\"page\">\n\t\t\t\t<div class=\"elementor-element elementor-element-a14b518 e-flex e-con-boxed e-con e-parent\" data-id=\"a14b518\" data-element_type=\"container\" data-e-type=\"container\" data-settings=\"{&quot;background_background&quot;:&quot;gradient&quot;}\">\n\t\t\t\t\t<div class=\"e-con-inner\">\n\t\t\t\t<div class=\"elementor-element elementor-element-bb0038c elementor-widget elementor-widget-heading\" data-id=\"bb0038c\" data-element_type=\"widget\" data-e-type=\"widget\" data-widget_type=\"heading.default\">\n\t\t\t\t<div class=\"elementor-widget-container\">\n\t\t\t\t\t<h2 class=\"elementor-heading-title elementor-size-default\">Terms &amp; Conditions Agreement<\/h2>\t\t\t\t<\/div>\n\t\t\t\t<\/div>\n\t\t\t\t\t<\/div>\n\t\t\t\t<\/div>\n\t\t<div class=\"elementor-element elementor-element-66aa470 e-flex e-con-boxed e-con e-parent\" data-id=\"66aa470\" data-element_type=\"container\" data-e-type=\"container\">\n\t\t\t\t\t<div class=\"e-con-inner\">\n\t\t\t\t<div class=\"elementor-element elementor-element-028c247 elementor-widget elementor-widget-text-editor\" data-id=\"028c247\" data-element_type=\"widget\" data-e-type=\"widget\" data-widget_type=\"text-editor.default\">\n\t\t\t\t<div class=\"elementor-widget-container\">\n\t\t\t\t\t\t\t\t\t<p>EL PRESENTE ACUERDO (\"Acuerdo\") constituye un contrato legalmente vinculante entre el\nUsuario, cualquier visitante del sitio web (\"Usuario\"), cualquier cliente de pago (\"Cliente\"), y Massimodates, una empresa debidamente constituida de conformidad con las leyes del\nEstado de Colombia, que ofrece servicios para ayudar al Cliente en sus busquedas de citas en\nl\u00ednea. Massimodates es propietaria exclusiva y opera www.massimodates.com (el \"Sitio Web\"). Las presentes condiciones generales se aplican al uso del sitio web y de los servicios (enadelante denominados los \"Servicios\") ofrecidos por Massimodates.<\/p><p>Al acceder al sitio web y utilizar los Servicios, el Usuario y el Cliente aceptan estar sujetos a los t\u00e9rminos y condiciones de este Acuerdo y a la Pol\u00edtica de Privacidad de Massimodates. Este acuerdo permanece vigente mientras el Usuario o el Cliente contin\u00fae utilizando el Sitio web y los Servicios.<\/p><p>Si el Usuario o el Cliente no est\u00e1n de acuerdo con el presente Contrato, deber\u00e1n abstenerse\nde utilizar el Sitio web o los Servicios, salir inmediatamente y dejar de consultar las p\u00e1ginas\nweb.<\/p>\t\t\t\t\t\t\t\t<\/div>\n\t\t\t\t<\/div>\n\t\t\t\t<div class=\"elementor-element elementor-element-b6453fa elementor-widget elementor-widget-heading\" data-id=\"b6453fa\" data-element_type=\"widget\" data-e-type=\"widget\" data-widget_type=\"heading.default\">\n\t\t\t\t<div class=\"elementor-widget-container\">\n\t\t\t\t\t<h2 class=\"elementor-heading-title elementor-size-default\">Modificaciones<\/h2>\t\t\t\t<\/div>\n\t\t\t\t<\/div>\n\t\t\t\t<div class=\"elementor-element elementor-element-0c82eb7 elementor-widget elementor-widget-text-editor\" data-id=\"0c82eb7\" data-element_type=\"widget\" data-e-type=\"widget\" data-widget_type=\"text-editor.default\">\n\t\t\t\t<div class=\"elementor-widget-container\">\n\t\t\t\t\t\t\t\t\t<p>Massimodates se reserva el derecho de enmendar o modificar los t\u00e9rminos y condiciones del presente Contrato en cualquier momento y sin previo aviso. En determinadas circunstancias, Massimodates podr\u00e1 notificar las modificaciones al Usuario o al Cliente por correo electr\u00f3nico. Sin embargo, es responsabilidad del Usuario o del Cliente comprobar peri\u00f3dicamente las actualizaciones, enmiendas o modificaciones de los t\u00e9rminos y\ncondiciones de Massimodates.<\/p><p>Los cambios futuros no se aplicar\u00e1n con car\u00e1cter retroactivo. El uso continuado de los\nServicios de Massimodates implica la aceptaci\u00f3n de cualquier enmienda, modificaci\u00f3n o\ncambio, y el acuerdo de estar legalmente obligado por ellos. Si el Usuario o el Cliente no\naceptan alguna enmienda, modificaci\u00f3n o cambio, deber\u00e1n dejar de utilizar inmediatamente\nlos Servicios de Massimodates.<\/p>\t\t\t\t\t\t\t\t<\/div>\n\t\t\t\t<\/div>\n\t\t\t\t<div class=\"elementor-element elementor-element-55317dd elementor-widget elementor-widget-heading\" data-id=\"55317dd\" data-element_type=\"widget\" data-e-type=\"widget\" data-widget_type=\"heading.default\">\n\t\t\t\t<div class=\"elementor-widget-container\">\n\t\t\t\t\t<h2 class=\"elementor-heading-title elementor-size-default\">Requisitos<\/h2>\t\t\t\t<\/div>\n\t\t\t\t<\/div>\n\t\t\t\t<div class=\"elementor-element elementor-element-8b5c53a elementor-widget elementor-widget-text-editor\" data-id=\"8b5c53a\" data-element_type=\"widget\" data-e-type=\"widget\" data-widget_type=\"text-editor.default\">\n\t\t\t\t<div class=\"elementor-widget-container\">\n\t\t\t\t\t\t\t\t\t<p>Al utilizar o registrarse para utilizar el Sitio web o los Servicios, el Usuario y el Cliente declaran\ny garantizan a Massimodates que nunca han sido condenados por un delito grave o un delito\nperseguible y que no est\u00e1n obligados a registrarse como delincuentes sexuales.<\/p><p>Todo Cliente deber\u00e1 proporcionar informaci\u00f3n personal exacta y veraz. Los clientes son responsables de actualizar Massimodates con la informaci\u00f3n m\u00e1s actualizada. Proporcionar informaci\u00f3n falsa puede resultar en la cancelaci\u00f3n del pedido del Cliente y la suspensi\u00f3n de su cuenta.<\/p><p>Los Clientes y Usuarios deben cumplir con todas las leyes locales, estatales, nacionales e internacionales aplicables. Massimodates no es responsable si dichas leyes restringen el uso del sitio web por parte del Cliente o del Usuario. Massimodates no hace representaciones ni garant\u00edas con respecto al derecho legal de los Clientes o Usuarios a participar en cualquier servicio o producto ofrecido en el sitio web.<\/p><p>Al usar o registrarse para usar el sitio web o los servicios, el usuario y el cliente declaran y garantizan a Massimodates que nunca han sido condenados por un delito grave o un delito procesable y no est\u00e1n obligados a registrarse como delincuente sexual.<\/p><p>Massimodates no verifica autom\u00e1ticamente los antecedentes penales de sus Clientes o de\nsus posibles parejas, a menos que el Cliente lo solicite expresamente por escrito.\nMassimodates se reserva el derecho de verificar los antecedentes penales en cualquier\nmomento, en funci\u00f3n de la disponibilidad de registros p\u00fablicos, para confirmar el\ncumplimiento de los t\u00e9rminos y condiciones del presente Contrato<\/p><p>El Cliente garantiza que dispone de todos los derechos sobre las im\u00e1genes enviadas a\nMassimodates y autoriza a Massimodates a difundirlas a terceros.<\/p>\t\t\t\t\t\t\t\t<\/div>\n\t\t\t\t<\/div>\n\t\t\t\t<div class=\"elementor-element elementor-element-4d174d2 elementor-widget elementor-widget-heading\" data-id=\"4d174d2\" data-element_type=\"widget\" data-e-type=\"widget\" data-widget_type=\"heading.default\">\n\t\t\t\t<div class=\"elementor-widget-container\">\n\t\t\t\t\t<h2 class=\"elementor-heading-title elementor-size-default\">Obligaciones del usuario<\/h2>\t\t\t\t<\/div>\n\t\t\t\t<\/div>\n\t\t\t\t<div class=\"elementor-element elementor-element-b396dce elementor-widget elementor-widget-text-editor\" data-id=\"b396dce\" data-element_type=\"widget\" data-e-type=\"widget\" data-widget_type=\"text-editor.default\">\n\t\t\t\t<div class=\"elementor-widget-container\">\n\t\t\t\t\t\t\t\t\t<p>El Usuario o Cliente se compromete a no infringir ninguna ley, reglamento o c\u00f3digo de\nconducta aplicable en relaci\u00f3n con los Servicios. Asimismo, el Cliente se compromete a no\npublicar ni enviar informaci\u00f3n falsa o enga\u00f1osa a Massimodates o a trav\u00e9s de un sitio web de\ncitas de terceros.<\/p><p>El Cliente debe actualizar Massimodates para asegurarse de que la informaci\u00f3n es exacta y no\ninfringe los t\u00e9rminos especificados. El Usuario o el Cliente se comprometen a no utilizar,\nvender o distribuir en modo alguno la informaci\u00f3n propiedad de Massimodates.<\/p><p>El Usuario y el Cliente se comprometen a no proporcionar direcciones de correo electr\u00f3nico\nde otras personas a Massimodates ni a publicar\/enviar informaci\u00f3n que haga referencia a\notras personas sin obtener su consentimiento previo. Queda terminantemente prohibida\ncualquier acci\u00f3n perturbadora, incluido el uso de malware, virus o correos masivos.<\/p><p>Quedan prohibidos los intentos de acceso no autorizado a cualquier parte de los Servicios o\nequipos relacionados. El Usuario y el Cliente deben utilizar los Servicios \u00fanicamente para los\nfines descritos en las presentes Condiciones Generales. Cualquier incumplimiento de estas\nobligaciones constituye una violaci\u00f3n grave del presente Acuerdo.<\/p><p>El Cliente debe cumplir las directrices, los requisitos y las solicitudes o instrucciones\nrazonables proporcionadas por Massimodates en relaci\u00f3n con los Servicios. El Cliente debe\ninformar inmediatamente de cualquier comportamiento inapropiado en relaci\u00f3n con los\nServicios.<\/p>\t\t\t\t\t\t\t\t<\/div>\n\t\t\t\t<\/div>\n\t\t\t\t<div class=\"elementor-element elementor-element-c04e307 elementor-widget elementor-widget-heading\" data-id=\"c04e307\" data-element_type=\"widget\" data-e-type=\"widget\" data-widget_type=\"heading.default\">\n\t\t\t\t<div class=\"elementor-widget-container\">\n\t\t\t\t\t<h2 class=\"elementor-heading-title elementor-size-default\">Informaci\u00f3n del usuario<\/h2>\t\t\t\t<\/div>\n\t\t\t\t<\/div>\n\t\t\t\t<div class=\"elementor-element elementor-element-5bc1fe5 elementor-widget elementor-widget-text-editor\" data-id=\"5bc1fe5\" data-element_type=\"widget\" data-e-type=\"widget\" data-widget_type=\"text-editor.default\">\n\t\t\t\t<div class=\"elementor-widget-container\">\n\t\t\t\t\t\t\t\t\t<p>Los usuarios son responsables de decidir qu\u00e9 informaci\u00f3n publicar, y Massimodates no se\nhace responsable del uso indebido por parte de terceros. Massimodates no se hace\nresponsable de la informaci\u00f3n de Usuarios o Clientes que pueda vulnerar derechos de\nterceros. Massimodates se reserva el derecho de rechazar, suspender o eliminar cualquier\nparte de un perfil o informaci\u00f3n del Cliente por cualquier motivo.<\/p>\t\t\t\t\t\t\t\t<\/div>\n\t\t\t\t<\/div>\n\t\t\t\t<div class=\"elementor-element elementor-element-f01936d elementor-widget elementor-widget-heading\" data-id=\"f01936d\" data-element_type=\"widget\" data-e-type=\"widget\" data-widget_type=\"heading.default\">\n\t\t\t\t<div class=\"elementor-widget-container\">\n\t\t\t\t\t<h2 class=\"elementor-heading-title elementor-size-default\">Reglas y obligaciones del Servicio para Clientes y Parejas Potenciales<\/h2>\t\t\t\t<\/div>\n\t\t\t\t<\/div>\n\t\t\t\t<div class=\"elementor-element elementor-element-9f15b06 elementor-widget elementor-widget-text-editor\" data-id=\"9f15b06\" data-element_type=\"widget\" data-e-type=\"widget\" data-widget_type=\"text-editor.default\">\n\t\t\t\t<div class=\"elementor-widget-container\">\n\t\t\t\t\t\t\t\t\t<p>El Cliente acepta cumplir con reglas espec\u00edficas al comprar Servicios de Massimodates. El incumplimiento de estas normas supondr\u00e1 un incumplimiento del contrato, cancelando las obligaciones y responsabilidades de Massimodates.<\/p><p>El cliente debe respetar las citas programadas con su casamentero. La no asistencia o la\nreprogramaci\u00f3n de la cita conllevar\u00e1 el pago de 50$ en concepto de gastos de\nreprogramaci\u00f3n.<\/p><p>Est\u00e1 prohibido contactar directamente a los matches (posibles parejas) sin la aprobaci\u00f3n\nprevia de Massimodates.<\/p><p>El Cliente debe disponer de un horario que le permita disponer de tiempo suficiente para\nestar presente en una cita. El Cliente debe informar a Massimodates al menos 48 horas antes de una fecha fijada si desea cancelar o reprogramar.<\/p><p>Aunque Massimodates puede estimar los resultados medios de cada paquete de citas, los\nresultados no est\u00e1n garantizados. Massimodates no est\u00e1 obligada a ofrecer reembolsos\nparciales o totales por no alcanzar determinados resultados o por cualquier otro motivo<\/p><p>Los Clientes se comprometen a no iniciar devoluciones de cargo sin intentar una resoluci\u00f3n\namistosa. Las devoluciones de cargo constituyen un incumplimiento material que permite a\nMassimodates impugnar, apelar o emprender acciones legales. En caso de impago,\nMassimodates podr\u00e1 suspender o cerrar la cuenta del Cliente y conservar el derecho a\nutilizar el perfil de citas a su discreci\u00f3n.<\/p><p>Massimodates no comprueba los antecedentes penales ni la identidad de sus Parejas\npotenciales a menos que el Cliente lo solicite expresamente. Los usuarios son responsables\nde sus interacciones con las Parejas Potenciales.<\/p><p>Los usuarios deben tener cuidado y tomar precauciones de seguridad cuando se comuniquen o conozcan a gente nueva. Massimodates no es responsable de la conducta de ning\u00fan Cliente\no Pareja Potencial.<\/p><p>Massimodates podr\u00e1 denegar los Servicios a cualquier Cliente potencial o activo por razones\ntales como expectativas poco razonables, dudas sobre la identidad o antecedentes penales, o\nincumplimiento de las normas acordadas. No se efectuar\u00e1 ning\u00fan reembolso si el usuario no\nrespeta las normas anteriormente mencionadas<\/p>\t\t\t\t\t\t\t\t<\/div>\n\t\t\t\t<\/div>\n\t\t\t\t<div class=\"elementor-element elementor-element-09e458c elementor-widget elementor-widget-heading\" data-id=\"09e458c\" data-element_type=\"widget\" data-e-type=\"widget\" data-widget_type=\"heading.default\">\n\t\t\t\t<div class=\"elementor-widget-container\">\n\t\t\t\t\t<h2 class=\"elementor-heading-title elementor-size-default\">Propiedad intelectual<\/h2>\t\t\t\t<\/div>\n\t\t\t\t<\/div>\n\t\t\t\t<div class=\"elementor-element elementor-element-5f285b9 elementor-widget elementor-widget-text-editor\" data-id=\"5f285b9\" data-element_type=\"widget\" data-e-type=\"widget\" data-widget_type=\"text-editor.default\">\n\t\t\t\t<div class=\"elementor-widget-container\">\n\t\t\t\t\t\t\t\t\t<p>Los contenidos del Sitio Web est\u00e1n protegidos por derechos de propiedad intelectual. Los\nusuarios y clientes no tienen derecho a utilizar o licenciar ninguno de estos derechos de\npropiedad intelectual. Queda estrictamente prohibido modificar, reproducir, volver a\npublicar, copiar, publicar, cargar, transmitir o distribuir informaci\u00f3n y materiales del Sitio Web.<\/p><p>Se permite a los usuarios imprimir y descargar partes de la informaci\u00f3n para uso personal,\nsiempre que no alteren o eliminen ning\u00fan aviso de copyright o propiedad. Las marcas\ncomerciales, nombres comerciales o marcas de servicio que aparecen en el Sitio Web pueden ser propiedad de Massimodates o de entidades afiliadas. La descarga, retransmisi\u00f3n o modificaci\u00f3n no autorizada de marcas comerciales y contenidos puede infringir las leyes federales de derecho consuetudinario, marcas comerciales o derechos de autor.<\/p>\t\t\t\t\t\t\t\t<\/div>\n\t\t\t\t<\/div>\n\t\t\t\t<div class=\"elementor-element elementor-element-c078b92 elementor-widget elementor-widget-heading\" data-id=\"c078b92\" data-element_type=\"widget\" data-e-type=\"widget\" data-widget_type=\"heading.default\">\n\t\t\t\t<div class=\"elementor-widget-container\">\n\t\t\t\t\t<h2 class=\"elementor-heading-title elementor-size-default\">Seguridad<\/h2>\t\t\t\t<\/div>\n\t\t\t\t<\/div>\n\t\t\t\t<div class=\"elementor-element elementor-element-eb401ae elementor-widget elementor-widget-text-editor\" data-id=\"eb401ae\" data-element_type=\"widget\" data-e-type=\"widget\" data-widget_type=\"text-editor.default\">\n\t\t\t\t<div class=\"elementor-widget-container\">\n\t\t\t\t\t\t\t\t\t<p>Massimodates no proporciona<\/p>\t\t\t\t\t\t\t\t<\/div>\n\t\t\t\t<\/div>\n\t\t\t\t<div class=\"elementor-element elementor-element-aa074b0 elementor-widget elementor-widget-heading\" data-id=\"aa074b0\" data-element_type=\"widget\" data-e-type=\"widget\" data-widget_type=\"heading.default\">\n\t\t\t\t<div class=\"elementor-widget-container\">\n\t\t\t\t\t<h2 class=\"elementor-heading-title elementor-size-default\">Servicios de acceso a Internet o comunicaci\u00f3n electr\u00f3nica<\/h2>\t\t\t\t<\/div>\n\t\t\t\t<\/div>\n\t\t\t\t<div class=\"elementor-element elementor-element-7baa4a7 elementor-widget elementor-widget-text-editor\" data-id=\"7baa4a7\" data-element_type=\"widget\" data-e-type=\"widget\" data-widget_type=\"text-editor.default\">\n\t\t\t\t<div class=\"elementor-widget-container\">\n\t\t\t\t\t\t\t\t\t<p>Al reunirse con otras personas a trav\u00e9s de los Servicios, el Cliente debe tomar las precauciones adecuadas y cualquier reuni\u00f3n es bajo su propio riesgo.<\/p><p>Los clientes deben notificar inmediatamente a Massimodates sobre cualquier violaci\u00f3n de seguridad, incluida la p\u00e9rdida, el robo, el uso indebido o la divulgaci\u00f3n no autorizada de un nombre de usuario o contrase\u00f1a.<\/p>\t\t\t\t\t\t\t\t<\/div>\n\t\t\t\t<\/div>\n\t\t\t\t<div class=\"elementor-element elementor-element-6df5897 elementor-widget elementor-widget-heading\" data-id=\"6df5897\" data-element_type=\"widget\" data-e-type=\"widget\" data-widget_type=\"heading.default\">\n\t\t\t\t<div class=\"elementor-widget-container\">\n\t\t\t\t\t<h2 class=\"elementor-heading-title elementor-size-default\">Derechos de terceros<\/h2>\t\t\t\t<\/div>\n\t\t\t\t<\/div>\n\t\t\t\t<div class=\"elementor-element elementor-element-4b8f6cb elementor-widget elementor-widget-text-editor\" data-id=\"4b8f6cb\" data-element_type=\"widget\" data-e-type=\"widget\" data-widget_type=\"text-editor.default\">\n\t\t\t\t<div class=\"elementor-widget-container\">\n\t\t\t\t\t\t\t\t\t<p>Esta secci\u00f3n representa un acuerdo en nombre de Massimodates y sus afiliados, d\u00e1ndoles el\nderecho de hacer valer y hacer cumplir las disposiciones directamente contra los Usuarios o\nClientes.<\/p>\t\t\t\t\t\t\t\t<\/div>\n\t\t\t\t<\/div>\n\t\t\t\t<div class=\"elementor-element elementor-element-280ca41 elementor-widget elementor-widget-heading\" data-id=\"280ca41\" data-element_type=\"widget\" data-e-type=\"widget\" data-widget_type=\"heading.default\">\n\t\t\t\t<div class=\"elementor-widget-container\">\n\t\t\t\t\t<h2 class=\"elementor-heading-title elementor-size-default\">Indemnizaci\u00f3n<\/h2>\t\t\t\t<\/div>\n\t\t\t\t<\/div>\n\t\t\t\t<div class=\"elementor-element elementor-element-8d53730 elementor-widget elementor-widget-text-editor\" data-id=\"8d53730\" data-element_type=\"widget\" data-e-type=\"widget\" data-widget_type=\"text-editor.default\">\n\t\t\t\t<div class=\"elementor-widget-container\">\n\t\t\t\t\t\t\t\t\t<p>Todos los usuarios del sitio web aceptan indemnizar y eximir a Massimodates y sus afiliados de p\u00e9rdidas, gastos, da\u00f1os y costos, incluidos los honorarios razonables de abogados, que resulten de cualquier violaci\u00f3n de este Acuerdo por parte de cualquier Usuario o Cliente.<\/p>\t\t\t\t\t\t\t\t<\/div>\n\t\t\t\t<\/div>\n\t\t\t\t<div class=\"elementor-element elementor-element-9465c6a elementor-widget elementor-widget-heading\" data-id=\"9465c6a\" data-element_type=\"widget\" data-e-type=\"widget\" data-widget_type=\"heading.default\">\n\t\t\t\t<div class=\"elementor-widget-container\">\n\t\t\t\t\t<h2 class=\"elementor-heading-title elementor-size-default\">Rescisi\u00f3n\/Cancelaci\u00f3n<\/h2>\t\t\t\t<\/div>\n\t\t\t\t<\/div>\n\t\t\t\t<div class=\"elementor-element elementor-element-c7ee3db elementor-widget elementor-widget-text-editor\" data-id=\"c7ee3db\" data-element_type=\"widget\" data-e-type=\"widget\" data-widget_type=\"text-editor.default\">\n\t\t\t\t<div class=\"elementor-widget-container\">\n\t\t\t\t\t\t\t\t\t<p>La aceptaci\u00f3n por parte del Usuario o del Cliente de las presentes condiciones generales se\nmantendr\u00e1 en vigor mientras utilice el Sitio Web, salvo rescisi\u00f3n anticipada por parte de\nMassimodates. Massimodates se reserva el derecho de rescindir la cuenta de un Cliente a su\ndiscreci\u00f3n con efecto inmediato, notific\u00e1ndoselo al Cliente por correo electr\u00f3nico.\nEl Cliente podr\u00e1 cancelar su suscripci\u00f3n en las veinticuatro (24) horas siguientes a la\nfacturaci\u00f3n sin penalizaci\u00f3n alguna. El Cliente acepta las condiciones de rescisi\u00f3n previstas\npor Massimodates.<\/p>\t\t\t\t\t\t\t\t<\/div>\n\t\t\t\t<\/div>\n\t\t\t\t<div class=\"elementor-element elementor-element-393900d elementor-widget elementor-widget-heading\" data-id=\"393900d\" data-element_type=\"widget\" data-e-type=\"widget\" data-widget_type=\"heading.default\">\n\t\t\t\t<div class=\"elementor-widget-container\">\n\t\t\t\t\t<h2 class=\"elementor-heading-title elementor-size-default\">Terminaci\u00f3n\/Cancelaci\u00f3n<\/h2>\t\t\t\t<\/div>\n\t\t\t\t<\/div>\n\t\t\t\t<div class=\"elementor-element elementor-element-1b99f7c elementor-widget elementor-widget-text-editor\" data-id=\"1b99f7c\" data-element_type=\"widget\" data-e-type=\"widget\" data-widget_type=\"text-editor.default\">\n\t\t\t\t<div class=\"elementor-widget-container\">\n\t\t\t\t\t\t\t\t\t<p>El acuerdo del Usuario o del Cliente de seguir los t\u00e9rminos y condiciones permanece vigente mientras utilicen el sitio web, a menos que Massimodates lo rescinda antes. Massimodates se reserva el derecho de cancelar la cuenta de un Cliente a su discreci\u00f3n con efecto inmediato, notific\u00e1ndolo al Cliente por correo electr\u00f3nico.<\/p><p>Los clientes pueden cancelar suscripciones dentro de las veinticuatro (24) horas posteriores a la facturaci\u00f3n sin penalizaci\u00f3n. El Cliente acepta los t\u00e9rminos de terminaci\u00f3n proporcionados por Massimodates.<\/p>\t\t\t\t\t\t\t\t<\/div>\n\t\t\t\t<\/div>\n\t\t\t\t<div class=\"elementor-element elementor-element-99e7016 elementor-widget elementor-widget-heading\" data-id=\"99e7016\" data-element_type=\"widget\" data-e-type=\"widget\" data-widget_type=\"heading.default\">\n\t\t\t\t<div class=\"elementor-widget-container\">\n\t\t\t\t\t<h2 class=\"elementor-heading-title elementor-size-default\">Legislaci\u00f3n aplicable<\/h2>\t\t\t\t<\/div>\n\t\t\t\t<\/div>\n\t\t\t\t<div class=\"elementor-element elementor-element-4bce4ed elementor-widget elementor-widget-text-editor\" data-id=\"4bce4ed\" data-element_type=\"widget\" data-e-type=\"widget\" data-widget_type=\"text-editor.default\">\n\t\t\t\t<div class=\"elementor-widget-container\">\n\t\t\t\t\t\t\t\t\t<p>Este Acuerdo se rige por las leyes del Estado de Colombia sin tener en cuenta sus disposiciones sobre conflicto de leyes. Los usuarios aceptan que cualquier causa de acci\u00f3n que surja de o est\u00e9 relacionada con este Acuerdo o su uso del sitio web se iniciar\u00e1 dentro del plazo de prescripci\u00f3n establecido por las leyes colombianas.<\/p>\t\t\t\t\t\t\t\t<\/div>\n\t\t\t\t<\/div>\n\t\t\t\t<div class=\"elementor-element elementor-element-497b601 elementor-widget elementor-widget-heading\" data-id=\"497b601\" data-element_type=\"widget\" data-e-type=\"widget\" data-widget_type=\"heading.default\">\n\t\t\t\t<div class=\"elementor-widget-container\">\n\t\t\t\t\t<h2 class=\"elementor-heading-title elementor-size-default\">Divisibilidad\/Renuncia<\/h2>\t\t\t\t<\/div>\n\t\t\t\t<\/div>\n\t\t\t\t<div class=\"elementor-element elementor-element-cbd5c1d elementor-widget elementor-widget-text-editor\" data-id=\"cbd5c1d\" data-element_type=\"widget\" data-e-type=\"widget\" data-widget_type=\"text-editor.default\">\n\t\t\t\t<div class=\"elementor-widget-container\">\n\t\t\t\t\t\t\t\t\t<p>Si alguna parte de este Acuerdo se considera ilegal o inaplicable, deber\u00e1 reformarse para reflejar la intenci\u00f3n de las partes o eliminarse si la reforma no es posible. La indemnizaci\u00f3n no afecta a la validez de las restantes disposiciones. El hecho de que Massimodates no ejerza cualquier derecho o disposici\u00f3n no constituye una renuncia.<\/p>\t\t\t\t\t\t\t\t<\/div>\n\t\t\t\t<\/div>\n\t\t\t\t<div class=\"elementor-element elementor-element-1a4fc8b elementor-widget elementor-widget-heading\" data-id=\"1a4fc8b\" data-element_type=\"widget\" data-e-type=\"widget\" data-widget_type=\"heading.default\">\n\t\t\t\t<div class=\"elementor-widget-container\">\n\t\t\t\t\t<h2 class=\"elementor-heading-title elementor-size-default\">Acuerdo completo (T\u00e9rminos y condiciones)<\/h2>\t\t\t\t<\/div>\n\t\t\t\t<\/div>\n\t\t\t\t<div class=\"elementor-element elementor-element-03af3d5 elementor-widget elementor-widget-text-editor\" data-id=\"03af3d5\" data-element_type=\"widget\" data-e-type=\"widget\" data-widget_type=\"text-editor.default\">\n\t\t\t\t<div class=\"elementor-widget-container\">\n\t\t\t\t\t\t\t\t\t<p>El presente Acuerdo, junto con otras obligaciones y normas del Sitio Web, constituye el\nacuerdo completo entre el Usuario, el Cliente y Massimodates. No puede ser modificado\nindividualmente por ninguna persona afiliada al Sitio Web.\nCopyright \u00a9 2023 Massimodates<\/p>\t\t\t\t\t\t\t\t<\/div>\n\t\t\t\t<\/div>\n\t\t\t\t\t<\/div>\n\t\t\t\t<\/div>\n\t\t\t\t<\/div>","protected":false},"excerpt":{"rendered":"<p>Terms &#038; Conditions Agreement THIS AGREEMENT (&#8220;Agreement&#8221;) is a legally binding contract between the User, any website visitor (&#8220;User&#8221;), any paid client (&#8220;Client&#8221;), and Massimodates, a company duly incorporated under the laws of the State of Colombia, offering services to assist the Client in online dating. Massimodates exclusively owns and operates www.massimodates.com (the \u201cWebsite\u201d). The [&hellip;]<\/p>\n","protected":false},"author":2,"featured_media":0,"parent":0,"menu_order":0,"comment_status":"closed","ping_status":"closed","template":"","meta":{"footnotes":""},"class_list":["post-1517","page","type-page","status-publish","hentry"],"acf":[],"aioseo_notices":[],"_links":{"self":[{"href":"https:\/\/massimodates.com\/es\/wp-json\/wp\/v2\/pages\/1517","targetHints":{"allow":["GET"]}}],"collection":[{"href":"https:\/\/massimodates.com\/es\/wp-json\/wp\/v2\/pages"}],"about":[{"href":"https:\/\/massimodates.com\/es\/wp-json\/wp\/v2\/types\/page"}],"author":[{"embeddable":true,"href":"https:\/\/massimodates.com\/es\/wp-json\/wp\/v2\/users\/2"}],"replies":[{"embeddable":true,"href":"https:\/\/massimodates.com\/es\/wp-json\/wp\/v2\/comments?post=1517"}],"version-history":[{"count":5,"href":"https:\/\/massimodates.com\/es\/wp-json\/wp\/v2\/pages\/1517\/revisions"}],"predecessor-version":[{"id":1780,"href":"https:\/\/massimodates.com\/es\/wp-json\/wp\/v2\/pages\/1517\/revisions\/1780"}],"wp:attachment":[{"href":"https:\/\/massimodates.com\/es\/wp-json\/wp\/v2\/media?parent=1517"}],"curies":[{"name":"wp","href":"https:\/\/api.w.org\/{rel}","templated":true}]}}