{"id":3,"date":"2023-12-01T06:53:05","date_gmt":"2023-12-01T06:53:05","guid":{"rendered":"http:\/\/localhost\/massimo\/?page_id=3"},"modified":"2024-01-22T13:00:01","modified_gmt":"2024-01-22T13:00:01","slug":"privacy-policy","status":"publish","type":"page","link":"https:\/\/massimodates.com\/es\/privacy-policy\/","title":{"rendered":"Pol\u00edtica de Privacidad"},"content":{"rendered":"<div data-elementor-type=\"wp-page\" data-elementor-id=\"3\" class=\"elementor elementor-3\" data-elementor-post-type=\"page\">\n\t\t\t\t<div class=\"elementor-element elementor-element-df722be e-flex e-con-boxed e-con e-parent\" data-id=\"df722be\" data-element_type=\"container\" data-e-type=\"container\" data-settings=\"{&quot;background_background&quot;:&quot;gradient&quot;}\">\n\t\t\t\t\t<div class=\"e-con-inner\">\n\t\t\t\t<div class=\"elementor-element elementor-element-173cb35 elementor-widget elementor-widget-heading\" data-id=\"173cb35\" data-element_type=\"widget\" data-e-type=\"widget\" data-widget_type=\"heading.default\">\n\t\t\t\t<div class=\"elementor-widget-container\">\n\t\t\t\t\t<h2 class=\"elementor-heading-title elementor-size-default\">Pol\u00edtica de Privacidad<\/h2>\t\t\t\t<\/div>\n\t\t\t\t<\/div>\n\t\t\t\t\t<\/div>\n\t\t\t\t<\/div>\n\t\t<div class=\"elementor-element elementor-element-67283566 e-flex e-con-boxed e-con e-parent\" data-id=\"67283566\" data-element_type=\"container\" data-e-type=\"container\">\n\t\t\t\t\t<div class=\"e-con-inner\">\n\t\t\t\t<div class=\"elementor-element elementor-element-8ffef90 elementor-widget elementor-widget-text-editor\" data-id=\"8ffef90\" data-element_type=\"widget\" data-e-type=\"widget\" data-widget_type=\"text-editor.default\">\n\t\t\t\t<div class=\"elementor-widget-container\">\n\t\t\t\t\t\t\t\t\t<p>Massimodates se dedica a garantizar la privacidad de nuestros Usuarios y Clientes. Esta Declaraci\u00f3n de Privacidad tiene como objetivo brindar claridad sobre la informaci\u00f3n que recopilamos y c\u00f3mo la manejamos.<\/p>\t\t\t\t\t\t\t\t<\/div>\n\t\t\t\t<\/div>\n\t\t\t\t<div class=\"elementor-element elementor-element-9ee4320 elementor-widget elementor-widget-heading\" data-id=\"9ee4320\" data-element_type=\"widget\" data-e-type=\"widget\" data-widget_type=\"heading.default\">\n\t\t\t\t<div class=\"elementor-widget-container\">\n\t\t\t\t\t<h2 class=\"elementor-heading-title elementor-size-default\">Descripci\u00f3n general<\/h2>\t\t\t\t<\/div>\n\t\t\t\t<\/div>\n\t\t\t\t<div class=\"elementor-element elementor-element-786e505 elementor-widget elementor-widget-text-editor\" data-id=\"786e505\" data-element_type=\"widget\" data-e-type=\"widget\" data-widget_type=\"text-editor.default\">\n\t\t\t\t<div class=\"elementor-widget-container\">\n\t\t\t\t\t\t\t\t\t<p>Al aceptar esta Pol\u00edtica de privacidad y los T\u00e9rminos y condiciones de Massimodates, usted acepta expl\u00edcitamente el uso y divulgaci\u00f3n de su informaci\u00f3n personal como se describe en este documento. Esta Pol\u00edtica de Privacidad es parte integral de los T\u00e9rminos y Condiciones de Massimodates.<\/p>\t\t\t\t\t\t\t\t<\/div>\n\t\t\t\t<\/div>\n\t\t\t\t<div class=\"elementor-element elementor-element-010ec4a elementor-widget elementor-widget-heading\" data-id=\"010ec4a\" data-element_type=\"widget\" data-e-type=\"widget\" data-widget_type=\"heading.default\">\n\t\t\t\t<div class=\"elementor-widget-container\">\n\t\t\t\t\t<h2 class=\"elementor-heading-title elementor-size-default\">Alcance<\/h2>\t\t\t\t<\/div>\n\t\t\t\t<\/div>\n\t\t\t\t<div class=\"elementor-element elementor-element-8891eaa elementor-widget elementor-widget-text-editor\" data-id=\"8891eaa\" data-element_type=\"widget\" data-e-type=\"widget\" data-widget_type=\"text-editor.default\">\n\t\t\t\t<div class=\"elementor-widget-container\">\n\t\t\t\t\t\t\t\t\t<p>Al aceptar esta Pol\u00edtica de privacidad y los T\u00e9rminos y condiciones de Massimodates, usted acepta expl\u00edcitamente el uso y divulgaci\u00f3n de su informaci\u00f3n personal como se describe en este documento. Esta Pol\u00edtica de Privacidad es parte integral de los T\u00e9rminos y Condiciones de Massimodates.<\/p>\n<p>\u2013 La informaci\u00f3n de identificaci\u00f3n personal recopilada, su prop\u00f3sito y posible intercambio. <br \/>\u2013 Sus elecciones con respecto al uso de sus datos. <br \/>\u2013 Medidas de seguridad implementadas para proteger su informaci\u00f3n. <br \/>\u2013 Procedimientos para corregir inexactitudes en sus datos.<\/p>\t\t\t\t\t\t\t\t<\/div>\n\t\t\t\t<\/div>\n\t\t\t\t<div class=\"elementor-element elementor-element-ec3b9bc elementor-widget elementor-widget-heading\" data-id=\"ec3b9bc\" data-element_type=\"widget\" data-e-type=\"widget\" data-widget_type=\"heading.default\">\n\t\t\t\t<div class=\"elementor-widget-container\">\n\t\t\t\t\t<h2 class=\"elementor-heading-title elementor-size-default\">Menores<\/h2>\t\t\t\t<\/div>\n\t\t\t\t<\/div>\n\t\t\t\t<div class=\"elementor-element elementor-element-9245c19 elementor-widget elementor-widget-text-editor\" data-id=\"9245c19\" data-element_type=\"widget\" data-e-type=\"widget\" data-widget_type=\"text-editor.default\">\n\t\t\t\t<div class=\"elementor-widget-container\">\n\t\t\t\t\t\t\t\t\t<p>El Usuario o Cliente se compromete a no infringir ninguna ley, reglamento o c\u00f3digo de\nconducta aplicable en relaci\u00f3n con los Servicios. Asimismo, el Cliente se compromete a no\npublicar ni enviar informaci\u00f3n falsa o enga\u00f1osa a Massimodates o a trav\u00e9s de un sitio web de\ncitas de terceros.<\/p>\t\t\t\t\t\t\t\t<\/div>\n\t\t\t\t<\/div>\n\t\t\t\t<div class=\"elementor-element elementor-element-97d9f8f elementor-widget elementor-widget-heading\" data-id=\"97d9f8f\" data-element_type=\"widget\" data-e-type=\"widget\" data-widget_type=\"heading.default\">\n\t\t\t\t<div class=\"elementor-widget-container\">\n\t\t\t\t\t<h2 class=\"elementor-heading-title elementor-size-default\">Acceso y Control<\/h2>\t\t\t\t<\/div>\n\t\t\t\t<\/div>\n\t\t\t\t<div class=\"elementor-element elementor-element-6a4cdb3 elementor-widget elementor-widget-text-editor\" data-id=\"6a4cdb3\" data-element_type=\"widget\" data-e-type=\"widget\" data-widget_type=\"text-editor.default\">\n\t\t\t\t<div class=\"elementor-widget-container\">\n\t\t\t\t\t\t\t\t\t<p>Tienes derecho a:<\/p>\n<p>\u2013 Revisar los datos que tenemos sobre usted. <br \/>\u2013 Corregir o actualizar cualquier informaci\u00f3n que tengamos. <br \/>\u2013 Solicitar la supresi\u00f3n de sus datos. <br \/>\u2013 Expresar inquietudes sobre nuestro uso de datos.<\/p>\t\t\t\t\t\t\t\t<\/div>\n\t\t\t\t<\/div>\n\t\t\t\t<div class=\"elementor-element elementor-element-b3ee9f7 elementor-widget elementor-widget-heading\" data-id=\"b3ee9f7\" data-element_type=\"widget\" data-e-type=\"widget\" data-widget_type=\"heading.default\">\n\t\t\t\t<div class=\"elementor-widget-container\">\n\t\t\t\t\t<h2 class=\"elementor-heading-title elementor-size-default\">Privacidad y uso de la informaci\u00f3n<\/h2>\t\t\t\t<\/div>\n\t\t\t\t<\/div>\n\t\t\t\t<div class=\"elementor-element elementor-element-d87dbc7 elementor-widget elementor-widget-text-editor\" data-id=\"d87dbc7\" data-element_type=\"widget\" data-e-type=\"widget\" data-widget_type=\"text-editor.default\">\n\t\t\t\t<div class=\"elementor-widget-container\">\n\t\t\t\t\t\t\t\t\t<p>Massimodates utiliza datos personales para diversos fines, incluida la prestaci\u00f3n de servicios, el procesamiento de pagos y la creaci\u00f3n de perfiles de citas. Podemos utilizar cookies, direcciones IP o datos personales para contenido espec\u00edfico, seguimiento y mejora de nuestro sitio web. Se puede acceder a su informaci\u00f3n, monitorearla o divulgarla de acuerdo con nuestros T\u00e9rminos y condiciones, requisitos legales o con fines de protecci\u00f3n.<\/p>\t\t\t\t\t\t\t\t<\/div>\n\t\t\t\t<\/div>\n\t\t\t\t<div class=\"elementor-element elementor-element-42889d7 elementor-widget elementor-widget-heading\" data-id=\"42889d7\" data-element_type=\"widget\" data-e-type=\"widget\" data-widget_type=\"heading.default\">\n\t\t\t\t<div class=\"elementor-widget-container\">\n\t\t\t\t\t<h2 class=\"elementor-heading-title elementor-size-default\">Confidencialidad<\/h2>\t\t\t\t<\/div>\n\t\t\t\t<\/div>\n\t\t\t\t<div class=\"elementor-element elementor-element-28f3f78 elementor-widget elementor-widget-text-editor\" data-id=\"28f3f78\" data-element_type=\"widget\" data-e-type=\"widget\" data-widget_type=\"text-editor.default\">\n\t\t\t\t<div class=\"elementor-widget-container\">\n\t\t\t\t\t\t\t\t\t<p>Priorizamos la confidencialidad y nos comprometemos a mantener estrictamente confidencial la informaci\u00f3n proporcionada por el usuario, a menos que el usuario acuerde lo contrario durante el uso del servicio.<\/p>\t\t\t\t\t\t\t\t<\/div>\n\t\t\t\t<\/div>\n\t\t\t\t<div class=\"elementor-element elementor-element-3ad56e5 elementor-widget elementor-widget-heading\" data-id=\"3ad56e5\" data-element_type=\"widget\" data-e-type=\"widget\" data-widget_type=\"heading.default\">\n\t\t\t\t<div class=\"elementor-widget-container\">\n\t\t\t\t\t<h2 class=\"elementor-heading-title elementor-size-default\">Seguridad<\/h2>\t\t\t\t<\/div>\n\t\t\t\t<\/div>\n\t\t\t\t<div class=\"elementor-element elementor-element-69b2ac4 elementor-widget elementor-widget-text-editor\" data-id=\"69b2ac4\" data-element_type=\"widget\" data-e-type=\"widget\" data-widget_type=\"text-editor.default\">\n\t\t\t\t<div class=\"elementor-widget-container\">\n\t\t\t\t\t\t\t\t\t<p>La seguridad es primordial y empleamos medidas para proteger los datos personales contra el acceso o la divulgaci\u00f3n no autorizados. La informaci\u00f3n confidencial se cifra durante la transmisi\u00f3n y el acceso est\u00e1 restringido a empleados con responsabilidades laborales espec\u00edficas.<\/p>\t\t\t\t\t\t\t\t<\/div>\n\t\t\t\t<\/div>\n\t\t\t\t<div class=\"elementor-element elementor-element-e2cb8fd elementor-widget elementor-widget-heading\" data-id=\"e2cb8fd\" data-element_type=\"widget\" data-e-type=\"widget\" data-widget_type=\"heading.default\">\n\t\t\t\t<div class=\"elementor-widget-container\">\n\t\t\t\t\t<h2 class=\"elementor-heading-title elementor-size-default\">Cookies<\/h2>\t\t\t\t<\/div>\n\t\t\t\t<\/div>\n\t\t\t\t<div class=\"elementor-element elementor-element-5600ded elementor-widget elementor-widget-text-editor\" data-id=\"5600ded\" data-element_type=\"widget\" data-e-type=\"widget\" data-widget_type=\"text-editor.default\">\n\t\t\t\t<div class=\"elementor-widget-container\">\n\t\t\t\t\t\t\t\t\t<p>Utilizamos cookies para mejorar el acceso al sitio y la experiencia del usuario. Estas cookies no est\u00e1n vinculadas a informaci\u00f3n de identificaci\u00f3n personal.<\/p>\t\t\t\t\t\t\t\t<\/div>\n\t\t\t\t<\/div>\n\t\t\t\t<div class=\"elementor-element elementor-element-43a5c74 elementor-widget elementor-widget-heading\" data-id=\"43a5c74\" data-element_type=\"widget\" data-e-type=\"widget\" data-widget_type=\"heading.default\">\n\t\t\t\t<div class=\"elementor-widget-container\">\n\t\t\t\t\t<h2 class=\"elementor-heading-title elementor-size-default\">Uso de massimodates.com<\/h2>\t\t\t\t<\/div>\n\t\t\t\t<\/div>\n\t\t\t\t<div class=\"elementor-element elementor-element-60b2049 elementor-widget elementor-widget-text-editor\" data-id=\"60b2049\" data-element_type=\"widget\" data-e-type=\"widget\" data-widget_type=\"text-editor.default\">\n\t\t\t\t<div class=\"elementor-widget-container\">\n\t\t\t\t\t\t\t\t\t<p>Massimodates no respalda productos o servicios no relacionados con su sitio web. Los visitantes asumen la responsabilidad de evaluar la exactitud de la informaci\u00f3n y garantizar la seguridad de sus sistemas.<\/p>\t\t\t\t\t\t\t\t<\/div>\n\t\t\t\t<\/div>\n\t\t\t\t<div class=\"elementor-element elementor-element-4a0a3fd elementor-widget elementor-widget-heading\" data-id=\"4a0a3fd\" data-element_type=\"widget\" data-e-type=\"widget\" data-widget_type=\"heading.default\">\n\t\t\t\t<div class=\"elementor-widget-container\">\n\t\t\t\t\t<h2 class=\"elementor-heading-title elementor-size-default\">Registro<\/h2>\t\t\t\t<\/div>\n\t\t\t\t<\/div>\n\t\t\t\t<div class=\"elementor-element elementor-element-1c9bf7e elementor-widget elementor-widget-text-editor\" data-id=\"1c9bf7e\" data-element_type=\"widget\" data-e-type=\"widget\" data-widget_type=\"text-editor.default\">\n\t\t\t\t<div class=\"elementor-widget-container\">\n\t\t\t\t\t\t\t\t\t<p>Para utilizar nuestro sitio web, los usuarios deben completar un formulario de registro, proporcionando la informaci\u00f3n necesaria. Estos datos se utilizan para contactar a los usuarios sobre productos o servicios en los que han mostrado inter\u00e9s.<\/p>\t\t\t\t\t\t\t\t<\/div>\n\t\t\t\t<\/div>\n\t\t\t\t<div class=\"elementor-element elementor-element-b352c71 elementor-widget elementor-widget-heading\" data-id=\"b352c71\" data-element_type=\"widget\" data-e-type=\"widget\" data-widget_type=\"heading.default\">\n\t\t\t\t<div class=\"elementor-widget-container\">\n\t\t\t\t\t<h2 class=\"elementor-heading-title elementor-size-default\">Aviso<\/h2>\t\t\t\t<\/div>\n\t\t\t\t<\/div>\n\t\t\t\t<div class=\"elementor-element elementor-element-441b2f2 elementor-widget elementor-widget-text-editor\" data-id=\"441b2f2\" data-element_type=\"widget\" data-e-type=\"widget\" data-widget_type=\"text-editor.default\">\n\t\t\t\t<div class=\"elementor-widget-container\">\n\t\t\t\t\t\t\t\t\t<p>Podemos actualizar esta Pol\u00edtica de Privacidad peri\u00f3dicamente y los usuarios ser\u00e1n notificados de los cambios por correo electr\u00f3nico. El uso continuado del sitio web despu\u00e9s de la actualizaci\u00f3n implica la aceptaci\u00f3n de la pol\u00edtica revisada.<\/p>\t\t\t\t\t\t\t\t<\/div>\n\t\t\t\t<\/div>\n\t\t\t\t<div class=\"elementor-element elementor-element-2fe5c20 elementor-widget elementor-widget-heading\" data-id=\"2fe5c20\" data-element_type=\"widget\" data-e-type=\"widget\" data-widget_type=\"heading.default\">\n\t\t\t\t<div class=\"elementor-widget-container\">\n\t\t\t\t\t<h2 class=\"elementor-heading-title elementor-size-default\">Contacta con nosotras<\/h2>\t\t\t\t<\/div>\n\t\t\t\t<\/div>\n\t\t\t\t<div class=\"elementor-element elementor-element-25fe765 elementor-widget elementor-widget-text-editor\" data-id=\"25fe765\" data-element_type=\"widget\" data-e-type=\"widget\" data-widget_type=\"text-editor.default\">\n\t\t\t\t<div class=\"elementor-widget-container\">\n\t\t\t\t\t\t\t\t\t<p>Si cree que no cumplimos con esta pol\u00edtica de privacidad, cont\u00e1ctenos de inmediato a support@massimodates.com.<\/p>\t\t\t\t\t\t\t\t<\/div>\n\t\t\t\t<\/div>\n\t\t\t\t\t<\/div>\n\t\t\t\t<\/div>\n\t\t\t\t<\/div>","protected":false},"excerpt":{"rendered":"<p>Privacy Policy Massimodates is dedicated to ensuring the privacy of our Users and Clients. This Privacy Statement aims to provide clarity on the information we collect and how we handle it. Overview By accepting this Privacy Policy and the Massimodates Terms and Conditions, you explicitly agree to the use and disclosure of your personal information [&hellip;]<\/p>\n","protected":false},"author":1,"featured_media":0,"parent":0,"menu_order":0,"comment_status":"closed","ping_status":"open","template":"elementor_header_footer","meta":{"footnotes":""},"class_list":["post-3","page","type-page","status-publish","hentry"],"acf":[],"aioseo_notices":[],"_links":{"self":[{"href":"https:\/\/massimodates.com\/es\/wp-json\/wp\/v2\/pages\/3","targetHints":{"allow":["GET"]}}],"collection":[{"href":"https:\/\/massimodates.com\/es\/wp-json\/wp\/v2\/pages"}],"about":[{"href":"https:\/\/massimodates.com\/es\/wp-json\/wp\/v2\/types\/page"}],"author":[{"embeddable":true,"href":"https:\/\/massimodates.com\/es\/wp-json\/wp\/v2\/users\/1"}],"replies":[{"embeddable":true,"href":"https:\/\/massimodates.com\/es\/wp-json\/wp\/v2\/comments?post=3"}],"version-history":[{"count":5,"href":"https:\/\/massimodates.com\/es\/wp-json\/wp\/v2\/pages\/3\/revisions"}],"predecessor-version":[{"id":1516,"href":"https:\/\/massimodates.com\/es\/wp-json\/wp\/v2\/pages\/3\/revisions\/1516"}],"wp:attachment":[{"href":"https:\/\/massimodates.com\/es\/wp-json\/wp\/v2\/media?parent=3"}],"curies":[{"name":"wp","href":"https:\/\/api.w.org\/{rel}","templated":true}]}}