{"id":3,"date":"2023-12-01T06:53:05","date_gmt":"2023-12-01T06:53:05","guid":{"rendered":"http:\/\/localhost\/massimo\/?page_id=3"},"modified":"2024-01-22T13:00:01","modified_gmt":"2024-01-22T13:00:01","slug":"privacy-policy","status":"publish","type":"page","link":"https:\/\/massimodates.com\/pt\/privacy-policy\/","title":{"rendered":"Pol\u00edtica de Privacidade"},"content":{"rendered":"<div data-elementor-type=\"wp-page\" data-elementor-id=\"3\" class=\"elementor elementor-3\" data-elementor-post-type=\"page\">\n\t\t\t\t<div class=\"elementor-element elementor-element-df722be e-flex e-con-boxed e-con e-parent\" data-id=\"df722be\" data-element_type=\"container\" data-e-type=\"container\" data-settings=\"{&quot;background_background&quot;:&quot;gradient&quot;}\">\n\t\t\t\t\t<div class=\"e-con-inner\">\n\t\t\t\t<div class=\"elementor-element elementor-element-173cb35 elementor-widget elementor-widget-heading\" data-id=\"173cb35\" data-element_type=\"widget\" data-e-type=\"widget\" data-widget_type=\"heading.default\">\n\t\t\t\t<div class=\"elementor-widget-container\">\n\t\t\t\t\t<h2 class=\"elementor-heading-title elementor-size-default\">Pol\u00edtica de Privacidade<\/h2>\t\t\t\t<\/div>\n\t\t\t\t<\/div>\n\t\t\t\t\t<\/div>\n\t\t\t\t<\/div>\n\t\t<div class=\"elementor-element elementor-element-67283566 e-flex e-con-boxed e-con e-parent\" data-id=\"67283566\" data-element_type=\"container\" data-e-type=\"container\">\n\t\t\t\t\t<div class=\"e-con-inner\">\n\t\t\t\t<div class=\"elementor-element elementor-element-8ffef90 elementor-widget elementor-widget-text-editor\" data-id=\"8ffef90\" data-element_type=\"widget\" data-e-type=\"widget\" data-widget_type=\"text-editor.default\">\n\t\t\t\t<div class=\"elementor-widget-container\">\n\t\t\t\t\t\t\t\t\t<p>A Massimodates tem o compromisso de garantir a privacidade de seus usu\u00e1rios e clientes. Esta\nDeclara\u00e7\u00e3o de Privacidade tem o objetivo de esclarecer as informa\u00e7\u00f5es que coletamos e como as tratamos.<\/p>\t\t\t\t\t\t\t\t<\/div>\n\t\t\t\t<\/div>\n\t\t\t\t<div class=\"elementor-element elementor-element-9ee4320 elementor-widget elementor-widget-heading\" data-id=\"9ee4320\" data-element_type=\"widget\" data-e-type=\"widget\" data-widget_type=\"heading.default\">\n\t\t\t\t<div class=\"elementor-widget-container\">\n\t\t\t\t\t<h2 class=\"elementor-heading-title elementor-size-default\">Informa\u00e7\u00f5es gerais:<\/h2>\t\t\t\t<\/div>\n\t\t\t\t<\/div>\n\t\t\t\t<div class=\"elementor-element elementor-element-786e505 elementor-widget elementor-widget-text-editor\" data-id=\"786e505\" data-element_type=\"widget\" data-e-type=\"widget\" data-widget_type=\"text-editor.default\">\n\t\t\t\t<div class=\"elementor-widget-container\">\n\t\t\t\t\t\t\t\t\t<p>Este aviso de privacidade aplica-se exclusivamente \u00e0s informa\u00e7\u00f5es coletadas pelo site\nhttps:\/\/www.massimodates.com. Ele informa o usu\u00e1rio sobre:<\/p>\t\t\t\t\t\t\t\t<\/div>\n\t\t\t\t<\/div>\n\t\t\t\t<div class=\"elementor-element elementor-element-010ec4a elementor-widget elementor-widget-heading\" data-id=\"010ec4a\" data-element_type=\"widget\" data-e-type=\"widget\" data-widget_type=\"heading.default\">\n\t\t\t\t<div class=\"elementor-widget-container\">\n\t\t\t\t\t<h2 class=\"elementor-heading-title elementor-size-default\">Escopo de aplica\u00e7\u00e3o:<\/h2>\t\t\t\t<\/div>\n\t\t\t\t<\/div>\n\t\t\t\t<div class=\"elementor-element elementor-element-8891eaa elementor-widget elementor-widget-text-editor\" data-id=\"8891eaa\" data-element_type=\"widget\" data-e-type=\"widget\" data-widget_type=\"text-editor.default\">\n\t\t\t\t<div class=\"elementor-widget-container\">\n\t\t\t\t\t\t\t\t\t<p>Este aviso de privacidade aplica-se exclusivamente \u00e0s informa\u00e7\u00f5es coletadas pelo site\nhttps:\/\/www.massimodates.com. Ele informa o usu\u00e1rio sobre:<\/p>\n<p>- As informa\u00e7\u00f5es de identifica\u00e7\u00e3o pessoal coletadas, sua finalidade e a possibilidade de compartilh\u00e1las. <br \/>-As medidas de seguran\u00e7a em vigor para proteger suas informa\u00e7\u00f5es. <br \/>- Las medidas de seguridad adoptadas para proteger sus datos. <br \/>- Os procedimentos para corre\u00e7\u00e3o de imprecis\u00f5es em suas informa\u00e7\u00f5es.<\/p>\t\t\t\t\t\t\t\t<\/div>\n\t\t\t\t<\/div>\n\t\t\t\t<div class=\"elementor-element elementor-element-ec3b9bc elementor-widget elementor-widget-heading\" data-id=\"ec3b9bc\" data-element_type=\"widget\" data-e-type=\"widget\" data-widget_type=\"heading.default\">\n\t\t\t\t<div class=\"elementor-widget-container\">\n\t\t\t\t\t<h2 class=\"elementor-heading-title elementor-size-default\">Menores de edad:<\/h2>\t\t\t\t<\/div>\n\t\t\t\t<\/div>\n\t\t\t\t<div class=\"elementor-element elementor-element-9245c19 elementor-widget elementor-widget-text-editor\" data-id=\"9245c19\" data-element_type=\"widget\" data-e-type=\"widget\" data-widget_type=\"text-editor.default\">\n\t\t\t\t<div class=\"elementor-widget-container\">\n\t\t\t\t\t\t\t\t\t<p>Nossos servi\u00e7os n\u00e3o se destinam a crian\u00e7as menores de 18 anos. Menores de idade n\u00e3o podem\nusar nossos servi\u00e7os e n\u00e3o incentivamos o envio de informa\u00e7\u00f5es pessoais por menores de 18 anos.<\/p>\t\t\t\t\t\t\t\t<\/div>\n\t\t\t\t<\/div>\n\t\t\t\t<div class=\"elementor-element elementor-element-97d9f8f elementor-widget elementor-widget-heading\" data-id=\"97d9f8f\" data-element_type=\"widget\" data-e-type=\"widget\" data-widget_type=\"heading.default\">\n\t\t\t\t<div class=\"elementor-widget-container\">\n\t\t\t\t\t<h2 class=\"elementor-heading-title elementor-size-default\">Acceso y control:<\/h2>\t\t\t\t<\/div>\n\t\t\t\t<\/div>\n\t\t\t\t<div class=\"elementor-element elementor-element-6a4cdb3 elementor-widget elementor-widget-text-editor\" data-id=\"6a4cdb3\" data-element_type=\"widget\" data-e-type=\"widget\" data-widget_type=\"text-editor.default\">\n\t\t\t\t<div class=\"elementor-widget-container\">\n\t\t\t\t\t\t\t\t\t<p>Usted tiene derecho a:<\/p>\n<p>\u2013 Revisar as informa\u00e7\u00f5es que mantemos sobre voc\u00ea. <br \/>\u2013 Corrigir ou atualizar qualquer informa\u00e7\u00e3o que tenhamos em nosso poder. <br \/>\u2013 Solicitar a exclus\u00e3o de suas informa\u00e7\u00f5es. <br \/>\u2013 Expressar preocupa\u00e7\u00f5es sobre o uso que fazemos de suas informa\u00e7\u00f5es.<\/p>\t\t\t\t\t\t\t\t<\/div>\n\t\t\t\t<\/div>\n\t\t\t\t<div class=\"elementor-element elementor-element-b3ee9f7 elementor-widget elementor-widget-heading\" data-id=\"b3ee9f7\" data-element_type=\"widget\" data-e-type=\"widget\" data-widget_type=\"heading.default\">\n\t\t\t\t<div class=\"elementor-widget-container\">\n\t\t\t\t\t<h2 class=\"elementor-heading-title elementor-size-default\">Privacidade e uso das informa\u00e7\u00f5es:<\/h2>\t\t\t\t<\/div>\n\t\t\t\t<\/div>\n\t\t\t\t<div class=\"elementor-element elementor-element-d87dbc7 elementor-widget elementor-widget-text-editor\" data-id=\"d87dbc7\" data-element_type=\"widget\" data-e-type=\"widget\" data-widget_type=\"text-editor.default\">\n\t\t\t\t<div class=\"elementor-widget-container\">\n\t\t\t\t\t\t\t\t\t<p>A Massimodates usa dados pessoais para diversas finalidades, incluindo a presta\u00e7\u00e3o de servi\u00e7os, o\nprocessamento de pagamentos e a cria\u00e7\u00e3o de perfis de compromissos. Podemos usar cookies,\nendere\u00e7os IP ou dados pessoais para direcionar conte\u00fado, rastrear e melhorar nosso site e a\nexperi\u00eancia do usu\u00e1rio. Podemos acessar, controlar ou divulgar suas informa\u00e7\u00f5es de acordo com\nnossos Termos e Condi\u00e7\u00f5es, requisitos legais ou para fins de prote\u00e7\u00e3o.<\/p>\t\t\t\t\t\t\t\t<\/div>\n\t\t\t\t<\/div>\n\t\t\t\t<div class=\"elementor-element elementor-element-42889d7 elementor-widget elementor-widget-heading\" data-id=\"42889d7\" data-element_type=\"widget\" data-e-type=\"widget\" data-widget_type=\"heading.default\">\n\t\t\t\t<div class=\"elementor-widget-container\">\n\t\t\t\t\t<h2 class=\"elementor-heading-title elementor-size-default\">Confidencialidad:<\/h2>\t\t\t\t<\/div>\n\t\t\t\t<\/div>\n\t\t\t\t<div class=\"elementor-element elementor-element-28f3f78 elementor-widget elementor-widget-text-editor\" data-id=\"28f3f78\" data-element_type=\"widget\" data-e-type=\"widget\" data-widget_type=\"text-editor.default\">\n\t\t\t\t<div class=\"elementor-widget-container\">\n\t\t\t\t\t\t\t\t\t<p>Priorizamos a confidencialidade e nos comprometemos a manter as informa\u00e7\u00f5es fornecidas pelo usu\u00e1rio estritamente confidenciais, a menos que o usu\u00e1rio concorde com o contr\u00e1rio durante o uso\ndo servi\u00e7o.<\/p>\t\t\t\t\t\t\t\t<\/div>\n\t\t\t\t<\/div>\n\t\t\t\t<div class=\"elementor-element elementor-element-3ad56e5 elementor-widget elementor-widget-heading\" data-id=\"3ad56e5\" data-element_type=\"widget\" data-e-type=\"widget\" data-widget_type=\"heading.default\">\n\t\t\t\t<div class=\"elementor-widget-container\">\n\t\t\t\t\t<h2 class=\"elementor-heading-title elementor-size-default\">Seguran\u00e7a:<\/h2>\t\t\t\t<\/div>\n\t\t\t\t<\/div>\n\t\t\t\t<div class=\"elementor-element elementor-element-69b2ac4 elementor-widget elementor-widget-text-editor\" data-id=\"69b2ac4\" data-element_type=\"widget\" data-e-type=\"widget\" data-widget_type=\"text-editor.default\">\n\t\t\t\t<div class=\"elementor-widget-container\">\n\t\t\t\t\t\t\t\t\t<p>A seguran\u00e7a \u00e9 fundamental e empregamos medidas para proteger os dados pessoais contra acesso ou divulga\u00e7\u00e3o n\u00e3o autorizados. As informa\u00e7\u00f5es confidenciais s\u00e3o criptografadas durante a\ntransmiss\u00e3o e o acesso \u00e9 restrito a funcion\u00e1rios com responsabilidades espec\u00edficas de trabalho.<\/p>\t\t\t\t\t\t\t\t<\/div>\n\t\t\t\t<\/div>\n\t\t\t\t<div class=\"elementor-element elementor-element-e2cb8fd elementor-widget elementor-widget-heading\" data-id=\"e2cb8fd\" data-element_type=\"widget\" data-e-type=\"widget\" data-widget_type=\"heading.default\">\n\t\t\t\t<div class=\"elementor-widget-container\">\n\t\t\t\t\t<h2 class=\"elementor-heading-title elementor-size-default\">Cookies:<\/h2>\t\t\t\t<\/div>\n\t\t\t\t<\/div>\n\t\t\t\t<div class=\"elementor-element elementor-element-5600ded elementor-widget elementor-widget-text-editor\" data-id=\"5600ded\" data-element_type=\"widget\" data-e-type=\"widget\" data-widget_type=\"text-editor.default\">\n\t\t\t\t<div class=\"elementor-widget-container\">\n\t\t\t\t\t\t\t\t\t<p>Usamos cookies para melhorar o acesso ao site e a experi\u00eancia do usu\u00e1rio. Esses cookies n\u00e3o est\u00e3o\nvinculados a informa\u00e7\u00f5es de identifica\u00e7\u00e3o pessoal.<\/p>\t\t\t\t\t\t\t\t<\/div>\n\t\t\t\t<\/div>\n\t\t\t\t<div class=\"elementor-element elementor-element-43a5c74 elementor-widget elementor-widget-heading\" data-id=\"43a5c74\" data-element_type=\"widget\" data-e-type=\"widget\" data-widget_type=\"heading.default\">\n\t\t\t\t<div class=\"elementor-widget-container\">\n\t\t\t\t\t<h2 class=\"elementor-heading-title elementor-size-default\">Uso de massimodates.com:<\/h2>\t\t\t\t<\/div>\n\t\t\t\t<\/div>\n\t\t\t\t<div class=\"elementor-element elementor-element-60b2049 elementor-widget elementor-widget-text-editor\" data-id=\"60b2049\" data-element_type=\"widget\" data-e-type=\"widget\" data-widget_type=\"text-editor.default\">\n\t\t\t\t<div class=\"elementor-widget-container\">\n\t\t\t\t\t\t\t\t\t<p>A Massimodates n\u00e3o promove produtos ou servi\u00e7os n\u00e3o relacionados ao seu site. Os visitantes\nassumem a responsabilidade de avaliar a precis\u00e3o das informa\u00e7\u00f5es e garantir a seguran\u00e7a de seus\nsistemas.<\/p>\t\t\t\t\t\t\t\t<\/div>\n\t\t\t\t<\/div>\n\t\t\t\t<div class=\"elementor-element elementor-element-4a0a3fd elementor-widget elementor-widget-heading\" data-id=\"4a0a3fd\" data-element_type=\"widget\" data-e-type=\"widget\" data-widget_type=\"heading.default\">\n\t\t\t\t<div class=\"elementor-widget-container\">\n\t\t\t\t\t<h2 class=\"elementor-heading-title elementor-size-default\">Registro:<\/h2>\t\t\t\t<\/div>\n\t\t\t\t<\/div>\n\t\t\t\t<div class=\"elementor-element elementor-element-1c9bf7e elementor-widget elementor-widget-text-editor\" data-id=\"1c9bf7e\" data-element_type=\"widget\" data-e-type=\"widget\" data-widget_type=\"text-editor.default\">\n\t\t\t\t<div class=\"elementor-widget-container\">\n\t\t\t\t\t\t\t\t\t<p>Para usar nosso site, os usu\u00e1rios devem preencher um formul\u00e1rio de registro, fornecendo as\ninforma\u00e7\u00f5es necess\u00e1rias. Esses dados s\u00e3o usados para entrar em contato com os usu\u00e1rios sobre os\nprodutos ou servi\u00e7os nos quais eles demonstraram interesse.<\/p>\t\t\t\t\t\t\t\t<\/div>\n\t\t\t\t<\/div>\n\t\t\t\t<div class=\"elementor-element elementor-element-b352c71 elementor-widget elementor-widget-heading\" data-id=\"b352c71\" data-element_type=\"widget\" data-e-type=\"widget\" data-widget_type=\"heading.default\">\n\t\t\t\t<div class=\"elementor-widget-container\">\n\t\t\t\t\t<h2 class=\"elementor-heading-title elementor-size-default\">Aviso:<\/h2>\t\t\t\t<\/div>\n\t\t\t\t<\/div>\n\t\t\t\t<div class=\"elementor-element elementor-element-441b2f2 elementor-widget elementor-widget-text-editor\" data-id=\"441b2f2\" data-element_type=\"widget\" data-e-type=\"widget\" data-widget_type=\"text-editor.default\">\n\t\t\t\t<div class=\"elementor-widget-container\">\n\t\t\t\t\t\t\t\t\t<p>Podemos actualizar esta Pol\u00edtica de Privacidad peri\u00f3dicamente, y los usuarios ser\u00e1n\nnotificados de los cambios por correo electr\u00f3nico. El uso continuado del sitio web despu\u00e9s\nde la actualizaci\u00f3n implica la aceptaci\u00f3n de la pol\u00edtica revisada.<\/p>\t\t\t\t\t\t\t\t<\/div>\n\t\t\t\t<\/div>\n\t\t\t\t<div class=\"elementor-element elementor-element-2fe5c20 elementor-widget elementor-widget-heading\" data-id=\"2fe5c20\" data-element_type=\"widget\" data-e-type=\"widget\" data-widget_type=\"heading.default\">\n\t\t\t\t<div class=\"elementor-widget-container\">\n\t\t\t\t\t<h2 class=\"elementor-heading-title elementor-size-default\">Entre em contato:<\/h2>\t\t\t\t<\/div>\n\t\t\t\t<\/div>\n\t\t\t\t<div class=\"elementor-element elementor-element-25fe765 elementor-widget elementor-widget-text-editor\" data-id=\"25fe765\" data-element_type=\"widget\" data-e-type=\"widget\" data-widget_type=\"text-editor.default\">\n\t\t\t\t<div class=\"elementor-widget-container\">\n\t\t\t\t\t\t\t\t\t<p>Se acreditar que n\u00e3o estamos cumprindo esta pol\u00edtica de privacidade, entre em contato conosco\nimediatamente pelo e-mail support@massimodates.com.\nCopyright \u00a9 2023 Todos os direitos reservados.<\/p>\t\t\t\t\t\t\t\t<\/div>\n\t\t\t\t<\/div>\n\t\t\t\t\t<\/div>\n\t\t\t\t<\/div>\n\t\t\t\t<\/div>","protected":false},"excerpt":{"rendered":"<p>Privacy Policy Massimodates is dedicated to ensuring the privacy of our Users and Clients. This Privacy Statement aims to provide clarity on the information we collect and how we handle it. Overview By accepting this Privacy Policy and the Massimodates Terms and Conditions, you explicitly agree to the use and disclosure of your personal information [&hellip;]<\/p>\n","protected":false},"author":1,"featured_media":0,"parent":0,"menu_order":0,"comment_status":"closed","ping_status":"open","template":"elementor_header_footer","meta":{"footnotes":""},"class_list":["post-3","page","type-page","status-publish","hentry"],"acf":[],"aioseo_notices":[],"_links":{"self":[{"href":"https:\/\/massimodates.com\/pt\/wp-json\/wp\/v2\/pages\/3","targetHints":{"allow":["GET"]}}],"collection":[{"href":"https:\/\/massimodates.com\/pt\/wp-json\/wp\/v2\/pages"}],"about":[{"href":"https:\/\/massimodates.com\/pt\/wp-json\/wp\/v2\/types\/page"}],"author":[{"embeddable":true,"href":"https:\/\/massimodates.com\/pt\/wp-json\/wp\/v2\/users\/1"}],"replies":[{"embeddable":true,"href":"https:\/\/massimodates.com\/pt\/wp-json\/wp\/v2\/comments?post=3"}],"version-history":[{"count":5,"href":"https:\/\/massimodates.com\/pt\/wp-json\/wp\/v2\/pages\/3\/revisions"}],"predecessor-version":[{"id":1516,"href":"https:\/\/massimodates.com\/pt\/wp-json\/wp\/v2\/pages\/3\/revisions\/1516"}],"wp:attachment":[{"href":"https:\/\/massimodates.com\/pt\/wp-json\/wp\/v2\/media?parent=3"}],"curies":[{"name":"wp","href":"https:\/\/api.w.org\/{rel}","templated":true}]}}